{"id":53,"date":"2021-12-07T19:09:11","date_gmt":"2021-12-07T19:09:11","guid":{"rendered":"https:\/\/websitebuilder-demo.net\/bizgo\/?page_id=5"},"modified":"2026-05-06T05:55:57","modified_gmt":"2026-05-06T03:55:57","slug":"demo-home","status":"publish","type":"page","link":"https:\/\/gardstenvardcentral.se\/","title":{"rendered":"Home"},"content":{"rendered":"<div class=\"brz brz-root__container brz-reset-all brz-root__container-page\">\n<section id=\"dkdwrntytzpcotvcwkbydpfuyvfmyjgbruso_dkdwrntytzpcotvcwkbydpfuyvfmyjgbruso\" class=\"brz-section brz-css-d-section brz-css-x1o43u\">\n<div class=\"brz-section__content brz-section--boxed brz-css-d-sectionitem-bg brz-css-1mtgseh\" data-brz-custom-id=\"xghvemawmcgucjggztxiztkrcwxejgrdwdre\">\n<div class=\"brz-bg\">\n<div class=\"brz-bg-image\"><\/div>\n<div class=\"brz-bg-color\"><\/div>\n<\/div>\n<div class=\"brz-container brz-css-d-sectionitem-container brz-css-18re7ml\">\n<div class=\"brz-row__container brz-css-d-row-row brz-css-kzux6c\" data-brz-custom-id=\"xzhkeuubashoiwiepetdzfofycnuoeylfsio\">\n<div class=\"brz-row brz-css-d-row-container brz-css-r-row-container brz-css-1n0q9cl\">\n<div class=\"brz-columns brz-css-d-column-column brz-css-13d8vrh\" data-brz-custom-id=\"jmsflvxjivjmomoywdvxiqiigmzcyuvkwozd\">\n<div class=\"brz-column__items brz-css-d-column-bg brz-css-9mi1zk\">\n<div id=\"\" class=\"brz-css-d-wrapper brz-css-pmm6lx brz-wrapper\">\n<div class=\"brz-image brz-css-d-image-hvmgjlaihjfahhmllcizuiplqqirjupadspt-parent brz-css-hm81ac\" data-brz-custom-id=\"hvmgjlaihjfahhmllcizuiplqqirjupadspt\"><img decoding=\"async\" class=\"brz-img\" src=\"https:\/\/gardstenvardcentral.se\/wp-content\/uploads\/2026\/01\/Gardsten-logotyp-utantagline-vit-scaled.png\" loading=\"lazy\" title=\"\"><\/div>\n<\/div>\n<\/div>\n<\/div>\n<div class=\"brz-columns brz-css-d-column-column brz-css-183ch6c\" data-brz-custom-id=\"uglagjgsrfbtyqaoniygbwhvrfblsnnmrphy\">\n<div class=\"brz-column__items brz-css-d-column-bg brz-css-17he62t\">\n<div id=\"\" class=\"brz-css-d-wrapper brz-css-r-wrapper brz-css-1pbbtmx brz-wrapper\">\n<div class=\"brz-spacer brz-css-d-spacer brz-css-1btb3qi\"><\/div>\n<\/div>\n<\/div>\n<\/div>\n<\/div>\n<\/div>\n<div id=\"\" class=\"brz-css-d-wrapper brz-css-r-wrapper brz-css-1ufubw8 brz-wrapper\">\n<div class=\"brz-spacer brz-css-d-spacer brz-css-etwfkt\"><\/div>\n<\/div>\n<div id=\"\" class=\"brz-css-d-wrapper brz-css-kcbfpa brz-wrapper\">\n<div class=\"brz-rich-text brz-rich-text__custom brz-css-d-richtext brz-css-1fza2k\" data-brz-custom-id=\"etwryjjgnmwmveszgnudowbdstjapuudzrmk\">\n<div data-brz-translate-text=\"1\">\n<p class=\"brz-ff-montserrat brz-tp-lg-empty brz-fss-lg-px brz-fw-lg-700 brz-ls-lg-m_1_5 brz-lh-lg-1_2 brz-vfw-lg-400 brz-fwdth-lg-100 brz-fsft-lg-0 brz-ft-google brz-fs-lg-47 brz-css-ptcPd\" data-generated-css=\"brz-css-hLXj2\" data-uniq-id=\"mCPtC\"><span class=\"brz-cp-color8\">V\u00e4lkommen till<\/span><\/p>\n<p class=\"brz-ff-montserrat brz-tp-lg-empty brz-fss-lg-px brz-fw-lg-700 brz-ls-lg-m_1_5 brz-lh-lg-1_2 brz-vfw-lg-400 brz-fwdth-lg-100 brz-fsft-lg-0 brz-ft-google brz-fs-lg-47 brz-css-cDrnd\" data-generated-css=\"brz-css-kStVA\" data-uniq-id=\"siPo1\"><span class=\"brz-cp-color8\">N\u00f6tk\u00e4rnan G\u00e5rdsten v\u00e5rdcentral och BVC<\/span><\/p>\n<p class=\"brz-ff-montserrat brz-tp-lg-empty brz-fss-lg-px brz-fw-lg-700 brz-ls-lg-m_1_5 brz-lh-lg-1_2 brz-vfw-lg-400 brz-fwdth-lg-100 brz-fsft-lg-0 brz-ft-google brz-fs-lg-47 brz-css-f0PR1\" data-generated-css=\"brz-css-mFAOl\" data-uniq-id=\"mOLfL\"><span class=\"brz-cp-color8\">Muskotgatan 10<\/span><\/p>\n<\/div>\n<\/div>\n<\/div>\n<div id=\"\" class=\"brz-css-d-wrapper brz-css-r-wrapper brz-css-zp6kkk brz-wrapper\">\n<div class=\"brz-spacer brz-css-d-spacer brz-css-oen5go\"><\/div>\n<\/div>\n<div id=\"\" class=\"brz-css-d-wrapper brz-css-1u2jjyw brz-wrapper\">\n<div class=\"brz-rich-text brz-rich-text__custom brz-css-d-richtext brz-css-3thdvw\" data-brz-custom-id=\"jatokxgxxeqoevsoubyrsftvpvrapuphvijx\">\n<div data-brz-translate-text=\"1\">\n<p class=\"brz-tp-lg-empty brz-ff-montserrat brz-ft-google brz-fs-lg-20 brz-fss-lg-px brz-fw-lg-500 brz-ls-lg-0 brz-lh-lg-1_8 brz-vfw-lg-400 brz-fwdth-lg-100 brz-fsft-lg-0 brz-css-q2sSU\" data-uniq-id=\"zvOzE\" data-generated-css=\"brz-css-zDqIt\"><span class=\"brz-cp-color8\">Hos oss f\u00e5r du alltid v\u00e4lja din egen l\u00e4kare<\/span><\/p>\n<p class=\"brz-tp-lg-empty brz-ff-montserrat brz-ft-google brz-fs-lg-20 brz-fss-lg-px brz-fw-lg-500 brz-ls-lg-0 brz-lh-lg-1_8 brz-vfw-lg-400 brz-fwdth-lg-100 brz-fsft-lg-0 brz-css-tBuLY\" data-uniq-id=\"iypQ2\" data-generated-css=\"brz-css-mgc7W\"><\/p>\n<p class=\"brz-tp-lg-empty brz-ff-montserrat brz-ft-google brz-fs-lg-20 brz-fss-lg-px brz-fw-lg-500 brz-ls-lg-0 brz-lh-lg-1_8 brz-vfw-lg-400 brz-fwdth-lg-100 brz-fsft-lg-0 brz-css-mlFs8\" data-uniq-id=\"ei3Hx\" data-generated-css=\"brz-css-htDTZ\"><span class=\"brz-cp-color8\" style=\"opacity: 0.6\">Vi genomf\u00f6r omfattande renovering och hoppas kunna \u00f6ppna s\u00e5 snart som<\/span><\/p>\n<p class=\"brz-tp-lg-empty brz-ff-montserrat brz-ft-google brz-fs-lg-20 brz-fss-lg-px brz-fw-lg-500 brz-ls-lg-0 brz-lh-lg-1_8 brz-vfw-lg-400 brz-fwdth-lg-100 brz-fsft-lg-0 brz-css-rN7Vt\" data-uniq-id=\"lNuQl\" data-generated-css=\"brz-css-hZxY9\"><span class=\"brz-cp-color8\" style=\"opacity: 0.6\">m\u00f6jligt, m\u00e5let \u00e4r i slutet av sommaren 2026<\/span><\/p>\n<\/div>\n<\/div>\n<\/div>\n<div id=\"\" class=\"brz-css-d-wrapper brz-css-r-wrapper brz-css-16ffy92 brz-wrapper\">\n<div class=\"brz-spacer brz-css-d-spacer brz-css-yyc2qo\"><\/div>\n<\/div>\n<\/div>\n<\/div>\n<\/section>\n<section id=\"rNRwkQXiACtl_rNRwkQXiACtl\" class=\"brz-section brz-css-d-section brz-css-1mrb9pv\">\n<div class=\"brz-section__content brz-section--boxed brz-css-d-sectionitem-bg brz-css-1kgfafd\" data-brz-custom-id=\"rQIpdHlkCon4\">\n<div class=\"brz-bg\">\n<div class=\"brz-bg-color\"><\/div>\n<\/div>\n<div class=\"brz-container brz-css-d-sectionitem-container brz-css-1683ihp\">\n<div id=\"\" class=\"brz-css-d-wrapper brz-css-bu99zk brz-wrapper\">\n<div class=\"brz-rich-text brz-rich-text__custom brz-css-d-richtext brz-css-xof1sm\" data-brz-custom-id=\"x7mImxBCT_ih\">\n<div data-brz-translate-text=\"1\">\n<p class=\"brz-fsft-lg-0 brz-fwdth-lg-100 brz-vfw-lg-400 brz-lh-lg-1_8 brz-ls-lg-0 brz-fw-lg-500 brz-fss-lg-px brz-fs-lg-20 brz-ft-google brz-ff-montserrat brz-tp-lg-empty brz-css-d75nU\" data-generated-css=\"brz-css-gzvNW\" data-uniq-id=\"lNDjL\"><strong class=\"brz-bold-true\">Registrera din e-postadress s\u00e5 f\u00e5r du information n\u00e4r vi \u00f6ppnar<\/strong><\/p>\n<\/div>\n<\/div>\n<\/div>\n<div id=\"\" class=\"brz-css-d-wrapper brz-css-r-wrapper brz-css-iixmx1 brz-wrapper\">\n<div class=\"brz-spacer brz-css-d-spacer brz-css-iyk1u3\"><\/div>\n<\/div>\n<div id=\"\" class=\"brz-css-d-wrapper brz-css-r6qo22 brz-wrapper\">\n<div class=\"brz-wp-shortcode brz-css-d-wpcustomshortcode brz-css-1xm1h2k\" data-brz-custom-id=\"mresZMF5zlUN\">\n<div>\n    <label for=\"email\" style=\"color: #48845e;font-family: 'Montserrat', sans-serif;font-size: 20px;font-weight: 700\">Epostadress:<\/label><\/p>\n<\/div>\n<\/div>\n<\/div>\n<\/div>\n<\/div>\n<\/section>\n<section id=\"r1L2mg0o3wSy_r1L2mg0o3wSy\" class=\"brz-section brz-css-d-section brz-css-nopifp\">\n<div class=\"brz-section__content brz-section--boxed brz-css-d-sectionitem-bg brz-css-xhfkag\" data-brz-custom-id=\"a7fVwAV1j36u\">\n<div class=\"brz-bg\">\n<div class=\"brz-bg-color\"><\/div>\n<\/div>\n<div class=\"brz-container brz-css-d-sectionitem-container brz-css-uuslvk\">\n<div id=\"\" class=\"brz-css-d-wrapper brz-css-c9w24h brz-wrapper\">\n<div class=\"brz-rich-text brz-rich-text__custom brz-css-d-richtext brz-css-1wat4ev\" data-brz-custom-id=\"z5UgznjEt42i\">\n<div data-brz-translate-text=\"1\">\n<p class=\"brz-fsft-lg-0 brz-fwdth-lg-100 brz-vfw-lg-400 brz-lh-lg-1_8 brz-ls-lg-0 brz-fw-lg-500 brz-fss-lg-px brz-fs-lg-20 brz-ft-google brz-ff-montserrat brz-tp-lg-empty brz-css-ghBGL\" data-generated-css=\"brz-css-gzvNW\" data-uniq-id=\"lNDjL\"><strong class=\"brz-bold-true\">Registrera din e-postadress s\u00e5 f\u00e5r du information n\u00e4r vi \u00f6ppnar<\/strong><\/p>\n<\/div>\n<\/div>\n<\/div>\n<div id=\"\" class=\"brz-css-d-wrapper brz-css-r-wrapper brz-css-5qzw5h brz-wrapper\">\n<div class=\"brz-spacer brz-css-d-spacer brz-css-fufbc0\"><\/div>\n<\/div>\n<div id=\"\" class=\"brz-css-d-wrapper brz-css-rf2mwt brz-wrapper\">\n<div class=\"brz-wp-shortcode brz-css-d-wpcustomshortcode brz-css-11890n5\" data-brz-custom-id=\"vXZSCM0yT_RV\">\n<div>\n    <label for=\"email\" style=\"color: #48845e;font-family: 'Montserrat', sans-serif;font-size: 20px;font-weight: 700\">Epostadress:<\/label><\/p>\n<\/div>\n<\/div>\n<\/div>\n<\/div>\n<\/div>\n<\/section><\/div>\n<p><!-- version:1772622057 --><\/p>\n","protected":false},"excerpt":{"rendered":"<p>V\u00e4lkommen till N\u00f6tk\u00e4rnan G\u00e5rdsten v\u00e5rdcentral och BVC Muskotgatan 10 Hos oss f\u00e5r du alltid v\u00e4lja din egen l\u00e4kare Vi genomf\u00f6r omfattande renovering och hoppas kunna \u00f6ppna s\u00e5 snart som m\u00f6jligt, m\u00e5let \u00e4r i slutet av sommaren 2026 Registrera din e-postadress s\u00e5 f\u00e5r du information n\u00e4r vi \u00f6ppnar Epostadress: Registrera din e-postadress s\u00e5 f\u00e5r du information [&hellip;]<\/p>\n","protected":false},"author":1,"featured_media":0,"parent":0,"menu_order":0,"comment_status":"closed","ping_status":"closed","template":"brizy-blank-template.php","meta":{"footnotes":""},"class_list":["post-53","page","type-page","status-publish","hentry"],"blocksy_meta":[],"brizy_media":[{"id":69,"url":"https:\/\/gardstenvardcentral.se\/wp-content\/uploads\/2025\/11\/cover.jpg","name":"cover.jpg","meta":{"brizy_attachment_uid":"wp-106649f362a607b3b7ac61e9931daf13.jpg","brizy_post_uid":["677787a353b46d9d6d2705856da0bb53"]}},{"id":148,"url":"https:\/\/gardstenvardcentral.se\/wp-content\/uploads\/2026\/01\/Gardsten-logotyp-utantagline-vit-scaled.png","name":"Gardsten-logotyp-utantagline-vit.png","meta":{"brizy_attachment_uid":"wp-ebdae38ce03fb515967e6893e81f4bae.png","brizy_post_uid":["677787a353b46d9d6d2705856da0bb53"]}}],"_links":{"self":[{"href":"https:\/\/gardstenvardcentral.se\/index.php?rest_route=\/wp\/v2\/pages\/53","targetHints":{"allow":["GET"]}}],"collection":[{"href":"https:\/\/gardstenvardcentral.se\/index.php?rest_route=\/wp\/v2\/pages"}],"about":[{"href":"https:\/\/gardstenvardcentral.se\/index.php?rest_route=\/wp\/v2\/types\/page"}],"author":[{"embeddable":true,"href":"https:\/\/gardstenvardcentral.se\/index.php?rest_route=\/wp\/v2\/users\/1"}],"replies":[{"embeddable":true,"href":"https:\/\/gardstenvardcentral.se\/index.php?rest_route=%2Fwp%2Fv2%2Fcomments&post=53"}],"version-history":[{"count":30,"href":"https:\/\/gardstenvardcentral.se\/index.php?rest_route=\/wp\/v2\/pages\/53\/revisions"}],"predecessor-version":[{"id":167,"href":"https:\/\/gardstenvardcentral.se\/index.php?rest_route=\/wp\/v2\/pages\/53\/revisions\/167"}],"wp:attachment":[{"href":"https:\/\/gardstenvardcentral.se\/index.php?rest_route=%2Fwp%2Fv2%2Fmedia&parent=53"}],"curies":[{"name":"wp","href":"https:\/\/api.w.org\/{rel}","templated":true}]}}